{"id":1077,"date":"2024-04-11T15:48:24","date_gmt":"2024-04-11T15:48:24","guid":{"rendered":"https:\/\/tribunaribeirao.com.br\/anuncios\/tiehome\/"},"modified":"2026-02-02T17:52:22","modified_gmt":"2026-02-02T17:52:22","slug":"tiehome","status":"publish","type":"page","link":"https:\/\/tribunaribeirao.com.br\/anuncios\/","title":{"rendered":"Home"},"content":{"rendered":"<h3>\u0421\u0432\u0435\u0436\u0438\u0435 \u043c\u0430\u0442\u0435\u0440\u0438\u0430\u043b\u044b<\/h3>\n<p><!-- PCA_RECENT_POSTS --><\/p>\n<p><a href=\"https:\/\/tribunaribeirao.com.br\/anuncios\/%d0%bf%d1%80%d0%be%d0%ba%d1%82%d0%be%d1%84%d0%be%d0%bb-%d1%8f%d0%ba-%d1%83%d0%bd%d0%b8%d0%ba%d0%bd%d1%83%d1%82%d0%b8-%d0%bf%d0%be%d0%b4%d1%80%d0%b0%d0%b7%d0%bd%d0%b5%d0%bd%d0%bd%d1%8f-%d1%88%d0%ba\/\">\u041f\u0440\u043e\u043a\u0442\u043e\u0444\u043e\u043b: \u044f\u043a \u0443\u043d\u0438\u043a\u043d\u0443\u0442\u0438 \u043f\u043e\u0434\u0440\u0430\u0437\u043d\u0435\u043d\u043d\u044f \u0448\u043a\u0456\u0440\u0438 \u043f\u0440\u0438 \u0437\u0430\u0441\u0442\u043e\u0441\u0443\u0432\u0430\u043d\u043d\u0456<\/a> &#8211; Janeiro 18, 2026<\/p>\n<p><a href=\"https:\/\/tribunaribeirao.com.br\/anuncios\/pin-up-da-avtomatik-m%c9%99rcl%c9%99r-v%c9%99-avtomatik-dondurm%c9%99l%c9%99r-onlardan-nec%c9%99-istifad%c9%99-etm%c9%99li-v%c9%99-bankroll-itkisind%c9%99n-nec%c9%99-c%c9%99kinm%c9%99li\/\">Pin-Up-da Avtomatik M\u0259rcl\u0259r v\u0259 Avtomatik D\u00f6nd\u00fcrm\u0259l\u0259r: Onlardan Nec\u0259 \u0130stifad\u0259 Etm\u0259li v\u0259 Bankroll \u0130tkisind\u0259n Nec\u0259 \u00c7\u0259kinm\u0259li<\/a> &#8211; Janeiro 11, 2026<\/p>\n<p><a href=\"https:\/\/tribunaribeirao.com.br\/anuncios\/apl-ios-1win-malaysia-panduan-pemasangan-langkah-demi-langkahovka\/\">Apl iOS 1Win Malaysia: Panduan Pemasangan Langkah demi Langkahovka<\/a> &#8211; Dezembro 13, 2025<\/p>\n<p><a href=\"https:\/\/tribunaribeirao.com.br\/anuncios\/mines-india-nighttime-play\/\">Mines India: Nighttime Play<\/a> &#8211; Dezembro 4, 2025<\/p>\n<p><a href=\"https:\/\/tribunaribeirao.com.br\/anuncios\/new-slots-for-2025-at-bwin-casino-uk\/\">New slots for 2025 at bwin Casino UK<\/a> &#8211; Novembro 29, 2025<\/p>\n<p><a href=\"https:\/\/tribunaribeirao.com.br\/anuncios\/registrarse-en-1win-chile-guia-paso-a-paso-para-principiantes\/\">Registrarse en 1win Chile: Gu\u00eda paso a paso para principiantes<\/a> &#8211; Novembro 24, 2025<\/p>\n<p><a href=\"https:\/\/tribunaribeirao.com.br\/anuncios\/sparkdex-a-defi-ecosystem-overview\/\">SparkDEX &#8211; A DeFi ecosystem overview<\/a> &#8211; Novembro 24, 2025<\/p>\n<p><a href=\"https:\/\/tribunaribeirao.com.br\/anuncios\/pin-up-casino-giris-itirilmis-parolun-b%c9%99rpasi-ucun-tam-b%c9%99l%c9%99dci\/\">Pin-Up Casino Giri\u015f: \u0130tirilmi\u015f Parolun B\u0259rpas\u0131 \u00fc\u00e7\u00fcn Tam B\u0259l\u0259d\u00e7i<\/a> &#8211; Novembro 21, 2025<\/p>\n<p><a href=\"https:\/\/tribunaribeirao.com.br\/anuncios\/pin-up-243-az%c9%99rbaycan-ucun-yenil%c9%99nmis-interfeys-v%c9%99-uygunlasma\/\">Pin Up 243: Az\u0259rbaycan \u00fc\u00e7\u00fcn yenil\u0259nmi\u015f interfeys v\u0259 uy\u011funla\u015fma<\/a> &#8211; Novembro 16, 2025<\/p>\n","protected":false},"excerpt":{"rendered":"<p>\u0421\u0432\u0435\u0436\u0438\u0435 \u043c\u0430\u0442\u0435\u0440\u0438\u0430\u043b\u044b \u041f\u0440\u043e\u043a\u0442\u043e\u0444\u043e\u043b: \u044f\u043a \u0443\u043d\u0438\u043a\u043d\u0443\u0442\u0438 \u043f\u043e\u0434\u0440\u0430\u0437\u043d\u0435\u043d\u043d\u044f \u0448\u043a\u0456\u0440\u0438 \u043f\u0440\u0438 \u0437\u0430\u0441\u0442\u043e\u0441\u0443\u0432\u0430\u043d\u043d\u0456 &#8211; Janeiro 18, 2026 Pin-Up-da Avtomatik M\u0259rcl\u0259r v\u0259 Avtomatik D\u00f6nd\u00fcrm\u0259l\u0259r: Onlardan Nec\u0259 \u0130stifad\u0259 Etm\u0259li v\u0259 Bankroll \u0130tkisind\u0259n Nec\u0259 \u00c7\u0259kinm\u0259li &#8211; Janeiro 11, 2026 Apl iOS 1Win Malaysia: Panduan Pemasangan Langkah demi Langkahovka &#8211; Dezembro 13, 2025 Mines India: Nighttime Play &#8211; Dezembro 4, 2025 New slots &hellip;<\/p>\n","protected":false},"author":1,"featured_media":1982,"parent":0,"menu_order":0,"comment_status":"closed","ping_status":"closed","template":"","meta":{"footnotes":""},"class_list":["post-1077","page","type-page","status-publish","has-post-thumbnail","hentry"],"_links":{"self":[{"href":"https:\/\/tribunaribeirao.com.br\/anuncios\/wp-json\/wp\/v2\/pages\/1077","targetHints":{"allow":["GET"]}}],"collection":[{"href":"https:\/\/tribunaribeirao.com.br\/anuncios\/wp-json\/wp\/v2\/pages"}],"about":[{"href":"https:\/\/tribunaribeirao.com.br\/anuncios\/wp-json\/wp\/v2\/types\/page"}],"author":[{"embeddable":true,"href":"https:\/\/tribunaribeirao.com.br\/anuncios\/wp-json\/wp\/v2\/users\/1"}],"replies":[{"embeddable":true,"href":"https:\/\/tribunaribeirao.com.br\/anuncios\/wp-json\/wp\/v2\/comments?post=1077"}],"version-history":[{"count":12,"href":"https:\/\/tribunaribeirao.com.br\/anuncios\/wp-json\/wp\/v2\/pages\/1077\/revisions"}],"predecessor-version":[{"id":3481,"href":"https:\/\/tribunaribeirao.com.br\/anuncios\/wp-json\/wp\/v2\/pages\/1077\/revisions\/3481"}],"wp:featuredmedia":[{"embeddable":true,"href":"https:\/\/tribunaribeirao.com.br\/anuncios\/wp-json\/wp\/v2\/media\/1982"}],"wp:attachment":[{"href":"https:\/\/tribunaribeirao.com.br\/anuncios\/wp-json\/wp\/v2\/media?parent=1077"}],"curies":[{"name":"wp","href":"https:\/\/api.w.org\/{rel}","templated":true}]}}